{"id":1547,"date":"2025-08-21T10:13:19","date_gmt":"2025-08-21T10:13:19","guid":{"rendered":"https:\/\/waldluetle-ev.de\/?page_id=1547"},"modified":"2025-09-15T04:28:43","modified_gmt":"2025-09-15T04:28:43","slug":"unsere-geschichte","status":"publish","type":"page","link":"https:\/\/waldluetle-ev.de\/index.php\/unsere-geschichte\/","title":{"rendered":"Unsere Geschichte"},"content":{"rendered":"<p>[et_pb_section fb_built=&#8220;1&#8243; disabled_on=&#8220;on|on|off&#8220; _builder_version=&#8220;4.27.4&#8243; _module_preset=&#8220;default&#8220; background_enable_color=&#8220;off&#8220; background_image=&#8220;https:\/\/waldluetle-ev.de\/wp-content\/uploads\/2025\/08\/eberfingen-waldluetle-streifen-wald-4.jpg&#8220; background_position=&#8220;top_right&#8220; background_vertical_offset=&#8220;29%&#8220; z_index=&#8220;2&#8243; max_height=&#8220;110px&#8220; max_height_tablet=&#8220;100px&#8220; max_height_phone=&#8220;100px&#8220; max_height_last_edited=&#8220;on|tablet&#8220; custom_margin=&#8220;0px||0px||false|false&#8220; custom_margin_tablet=&#8220;0px||0px||false|false&#8220; custom_margin_phone=&#8220;0px||0px||false|false&#8220; custom_margin_last_edited=&#8220;on|phone&#8220; custom_padding=&#8220;0px||0px||false|false&#8220; background_last_edited=&#8220;on|desktop&#8220; global_colors_info=&#8220;{}&#8220;][\/et_pb_section][et_pb_section fb_built=&#8220;1&#8243; custom_padding_last_edited=&#8220;on|desktop&#8220; admin_label=&#8220;Sektion&#8220; _builder_version=&#8220;4.27.4&#8243; background_color=&#8220;rgba(255,255,255,0)&#8220; background_image=&#8220;https:\/\/waldluetle-ev.de\/wp-content\/uploads\/2025\/08\/eberfingen-hintergrund-wald-2.jpg&#8220; parallax=&#8220;on&#8220; parallax_method=&#8220;off&#8220; custom_margin=&#8220;0px||0px||false|false&#8220; custom_padding=&#8220;0px||225px||false|false&#8220; custom_padding_tablet=&#8220;0px||120px||false|false&#8220; custom_padding_phone=&#8220;||80px||false|false&#8220; background_last_edited=&#8220;on|desktop&#8220; background_size_tablet=&#8220;contain&#8220; background_size_phone=&#8220;contain&#8220; background_image_width_tablet=&#8220;31%&#8220; background_image_width_phone=&#8220;25%&#8220; background_image_height_tablet=&#8220;14%&#8220; background_image_height_phone=&#8220;5%&#8220; background_position_phone=&#8220;bottom_right&#8220; background_horizontal_offset_tablet=&#8220;6%&#8220; background_horizontal_offset_phone=&#8220;6%&#8220; background_vertical_offset_phone=&#8220;-20%&#8220; transparent_background=&#8220;on&#8220; make_fullwidth=&#8220;off&#8220; use_custom_width=&#8220;off&#8220; width_unit=&#8220;on&#8220; global_colors_info=&#8220;{}&#8220;][et_pb_row custom_padding_last_edited=&#8220;on|phone&#8220; admin_label=&#8220;Zeile&#8220; _builder_version=&#8220;4.17.3&#8243; background_size=&#8220;initial&#8220; background_position=&#8220;top_left&#8220; background_repeat=&#8220;repeat&#8220; width_tablet=&#8220;100%&#8220; width_phone=&#8220;100%&#8220; width_last_edited=&#8220;on|desktop&#8220; custom_padding=&#8220;80px||5px||false|false&#8220; custom_padding_tablet=&#8220;85px||5px||false|false&#8220; custom_padding_phone=&#8220;10px||5px||false|false&#8220; global_colors_info=&#8220;{}&#8220;][et_pb_column type=&#8220;4_4&#8243; _builder_version=&#8220;4.16&#8243; custom_padding=&#8220;|||&#8220; global_colors_info=&#8220;{}&#8220; custom_padding__hover=&#8220;|||&#8220;][et_pb_text content_tablet=&#8220;<\/p>\n<h4>Unsere Geschichte<\/h4>\n<p>&#8220; content_phone=&#8220;<\/p>\n<h4 style=%22text-align: left;%22>Unsere Geschichte<\/h4>\n<p>&#8220; content_last_edited=&#8220;on|desktop&#8220; _builder_version=&#8220;4.27.4&#8243; _module_preset=&#8220;default&#8220; header_4_font=&#8220;Roboto Slab|600|||||||&#8220; header_4_text_align=&#8220;center&#8220; header_4_text_color=&#8220;#268672&#8243; header_4_font_size=&#8220;45px&#8220; background_color=&#8220;RGBA(255,255,255,0)&#8220; width=&#8220;100%&#8220; width_tablet=&#8220;100%&#8220; width_phone=&#8220;100%&#8220; width_last_edited=&#8220;on|tablet&#8220; module_alignment=&#8220;center&#8220; custom_margin=&#8220;20px||40px||false|false&#8220; custom_margin_tablet=&#8220;0px||0px||false|false&#8220; custom_margin_phone=&#8220;20px||0px||false|false&#8220; custom_margin_last_edited=&#8220;on|desktop&#8220; custom_padding=&#8220;0px||0px||false|false&#8220; custom_padding_tablet=&#8220;||0px|40px|false|false&#8220; custom_padding_phone=&#8220;|||20px|false|false&#8220; custom_padding_last_edited=&#8220;on|desktop&#8220; header_4_text_align_tablet=&#8220;left&#8220; header_4_text_align_phone=&#8220;left&#8220; header_4_text_align_last_edited=&#8220;on|desktop&#8220; header_4_font_size_tablet=&#8220;45px&#8220; header_4_font_size_phone=&#8220;40px&#8220; header_4_font_size_last_edited=&#8220;on|phone&#8220; global_colors_info=&#8220;{}&#8220;]<\/p>\n<h4 style=\"text-align: center;\">Unsere Geschichte<\/h4>\n<p>[\/et_pb_text][\/et_pb_column][\/et_pb_row][et_pb_row custom_padding_last_edited=&#8220;on|phone&#8220; admin_label=&#8220;Zeile&#8220; _builder_version=&#8220;4.27.4&#8243; background_size=&#8220;initial&#8220; background_position=&#8220;top_left&#8220; background_repeat=&#8220;repeat&#8220; width_tablet=&#8220;100%&#8220; width_phone=&#8220;100%&#8220; width_last_edited=&#8220;on|desktop&#8220; custom_margin=&#8220;20px|auto|0px|auto|false|false&#8220; custom_margin_tablet=&#8220;20px|auto|0px|auto|false|false&#8220; custom_margin_phone=&#8220;20px|auto|0px|auto|false|false&#8220; custom_margin_last_edited=&#8220;on|tablet&#8220; custom_padding=&#8220;0px||0px||false|false&#8220; custom_padding_tablet=&#8220;||0px||false|false&#8220; custom_padding_phone=&#8220;0px||0px||false|false&#8220; global_colors_info=&#8220;{}&#8220;][et_pb_column type=&#8220;4_4&#8243; _builder_version=&#8220;4.16&#8243; custom_padding=&#8220;|||&#8220; global_colors_info=&#8220;{}&#8220; custom_padding__hover=&#8220;|||&#8220;][et_pb_text content_tablet=&#8220;<\/p>\n<p style=%22text-align: left;%22>Der Narrenverein Waldl\u00fctle Eberfingen wurde 1980 gegr\u00fcndet. Den Anstoss dazu gab die Eberfinger Jugend, die den Wunsch hatte volkst\u00fcmliche und alte  rtsverwandte Fasnachtsbr\u00e4uche wieder zu beleben.<\/p>\n<p style=%22text-align: left;%22>Da Eberfingen von Wald umgeben ist, entschlossen sich die Narren damals, Wesen, die mit dem Wald in enger Beziehung standen, darzustellen. So entschied man sich f\u00fcr die Figuren des \u201eChr\u00fctterwieblis\u201c und des  Wurzelsepps\u201c. Die sch\u00f6nen Holzmasken wurden vom St\u00fchlinger Schnitzer Walter Berg entworfen.<\/p>\n<p style=%22text-align: left;%22>Derzeit besteht der Narrenverein Eberfingen aus ca. 35 Mitgliedern. Dem Verein stehen Florian Blatter als Narrenvater und Waltraud Maier als Narrenmutter vor.<\/p>\n<p style=%22text-align: left;%22>Im Herbst 1993 sind die Waldl\u00fctle der Narrenvereinigung Kleggau beigetreten.<\/p>\n<p>&#8220; content_phone=&#8220;<\/p>\n<p style=%22text-align: left;%22>Der Narrenverein Waldl\u00fctle Eberfingen wurde 1980 gegr\u00fcndet. Den Anstoss dazu gab die Eberfinger Jugend, die den Wunsch hatte volkst\u00fcmliche und alte  rtsverwandte Fasnachtsbr\u00e4uche wieder zu beleben.<\/p>\n<p style=%22text-align: left;%22>Da Eberfingen von Wald umgeben ist, entschlossen sich die Narren damals, Wesen, die mit dem Wald in enger Beziehung standen, darzustellen. So entschied man sich f\u00fcr die Figuren des \u201eChr\u00fctterwieblis\u201c und des  Wurzelsepps\u201c. Die sch\u00f6nen Holzmasken wurden vom St\u00fchlinger Schnitzer Walter Berg entworfen.<\/p>\n<p style=%22text-align: left;%22>Derzeit besteht der Narrenverein Eberfingen aus ca. 35 Mitgliedern. Dem Verein stehen Florian Blatter als Narrenvater und Waltraud Maier als Narrenmutter vor.<\/p>\n<p style=%22text-align: left;%22>Im Herbst 1993 sind die Waldl\u00fctle der Narrenvereinigung Kleggau beigetreten.<\/p>\n<p>&#8220; content_last_edited=&#8220;on|desktop&#8220; admin_label=&#8220;Zitat&#8220; _builder_version=&#8220;4.27.4&#8243; text_font=&#8220;&#8211;et_global_body_font||||||||&#8220; text_text_color=&#8220;#000000&#8243; text_font_size=&#8220;24px&#8220; text_line_height=&#8220;1.3em&#8220; header_4_font=&#8220;Arbutus Slab|700|||||||&#8220; header_4_text_color=&#8220;#000000&#8243; header_4_font_size=&#8220;30px&#8220; background_enable_color=&#8220;off&#8220; background_size=&#8220;initial&#8220; background_position=&#8220;top_left&#8220; background_repeat=&#8220;repeat&#8220; text_orientation=&#8220;center&#8220; background_layout=&#8220;dark&#8220; max_width=&#8220;95%&#8220; max_width_tablet=&#8220;90%&#8220; max_width_phone=&#8220;90%&#8220; max_width_last_edited=&#8220;on|tablet&#8220; module_alignment=&#8220;center&#8220; custom_margin=&#8220;||0px||false|false&#8220; custom_margin_tablet=&#8220;||0px||false|false&#8220; custom_margin_phone=&#8220;||0px||false|false&#8220; custom_margin_last_edited=&#8220;on|phone&#8220; custom_padding=&#8220;0px||0px||false|false&#8220; custom_padding_tablet=&#8220;|0px|||false|false&#8220; custom_padding_phone=&#8220;|0px|||false|false&#8220; custom_padding_last_edited=&#8220;on|phone&#8220; hover_enabled=&#8220;0&#8243; text_font_size_tablet=&#8220;24px&#8220; text_font_size_phone=&#8220;24px&#8220; text_font_size_last_edited=&#8220;on|desktop&#8220; use_border_color=&#8220;off&#8220; border_color=&#8220;#ffffff&#8220; border_style=&#8220;solid&#8220; global_colors_info=&#8220;{}&#8220; sticky_enabled=&#8220;0&#8243;]<\/p>\n<p style=\"text-align: center;\">Der Narrenverein Waldl\u00fctle Eberfingen wurde 1980 gegr\u00fcndet.<br \/>Den Anstoss dazu gab die Eberfinger Jugend, die den Wunsch hatte<br \/>volkst\u00fcmliche und alte ortsverwandte Fasnachtsbr\u00e4uche wieder zu beleben.<\/p>\n<p style=\"text-align: center;\">Da Eberfingen von Wald umgeben ist, entschlossen sich die Narren damals,<br \/>Wesen, die mit dem Wald in enger Beziehung standen, darzustellen. So<br \/>entschied man sich f\u00fcr die Figuren des \u201eChr\u00fctterwieblis\u201c und des \u201eWurzelsepps\u201c.<br \/>Die sch\u00f6nen Holzmasken wurden vom St\u00fchlinger Schnitzer Walter Berg entworfen.<\/p>\n<p style=\"text-align: center;\">Derzeit besteht der Narrenverein Eberfingen aus ca. 35 Mitgliedern.<br \/>Dem Verein stehen Simone M\u00fcller Schanz als Narrenmutter und Patrick Brack<br \/>als Narrenvater vor.<\/p>\n<p style=\"text-align: center;\">Im Herbst 1993 sind die Waldl\u00fctle der Narrenvereinigung Kleggau beigetreten.<\/p>\n<p>[\/et_pb_text][\/et_pb_column][\/et_pb_row][\/et_pb_section]<\/p>\n","protected":false},"excerpt":{"rendered":"<p>Unsere GeschichteDer Narrenverein Waldl\u00fctle Eberfingen wurde 1980 gegr\u00fcndet.Den Anstoss dazu gab die Eberfinger Jugend, die den Wunsch hattevolkst\u00fcmliche und alte ortsverwandte Fasnachtsbr\u00e4uche wieder zu beleben. Da Eberfingen von Wald umgeben ist, entschlossen sich die Narren damals,Wesen, die mit dem Wald in enger Beziehung standen, darzustellen. Soentschied man sich f\u00fcr die Figuren des \u201eChr\u00fctterwieblis\u201c und des [&hellip;]<\/p>\n","protected":false},"author":1,"featured_media":0,"parent":0,"menu_order":0,"comment_status":"closed","ping_status":"closed","template":"","meta":{"_et_pb_use_builder":"on","_et_pb_old_content":"","_et_gb_content_width":"","footnotes":""},"class_list":["post-1547","page","type-page","status-publish","hentry"],"yoast_head":"<!-- This site is optimized with the Yoast SEO plugin v25.8 - https:\/\/yoast.com\/wordpress\/plugins\/seo\/ -->\n<title>Unsere Geschichte - Waldluetle.de<\/title>\n<meta name=\"robots\" content=\"index, follow, max-snippet:-1, max-image-preview:large, max-video-preview:-1\" \/>\n<link rel=\"canonical\" href=\"https:\/\/waldluetle-ev.de\/index.php\/unsere-geschichte\/\" \/>\n<meta property=\"og:locale\" content=\"de_DE\" \/>\n<meta property=\"og:type\" content=\"article\" \/>\n<meta property=\"og:title\" content=\"Unsere Geschichte - Waldluetle.de\" \/>\n<meta property=\"og:description\" content=\"Unsere GeschichteDer Narrenverein Waldl\u00fctle Eberfingen wurde 1980 gegr\u00fcndet.Den Anstoss dazu gab die Eberfinger Jugend, die den Wunsch hattevolkst\u00fcmliche und alte ortsverwandte Fasnachtsbr\u00e4uche wieder zu beleben. Da Eberfingen von Wald umgeben ist, entschlossen sich die Narren damals,Wesen, die mit dem Wald in enger Beziehung standen, darzustellen. Soentschied man sich f\u00fcr die Figuren des \u201eChr\u00fctterwieblis\u201c und des [&hellip;]\" \/>\n<meta property=\"og:url\" content=\"https:\/\/waldluetle-ev.de\/index.php\/unsere-geschichte\/\" \/>\n<meta property=\"og:site_name\" content=\"Waldluetle.de\" \/>\n<meta property=\"article:modified_time\" content=\"2025-09-15T04:28:43+00:00\" \/>\n<meta name=\"twitter:card\" content=\"summary_large_image\" \/>\n<meta name=\"twitter:label1\" content=\"Gesch\u00e4tzte Lesezeit\" \/>\n\t<meta name=\"twitter:data1\" content=\"2\u00a0Minuten\" \/>\n<script type=\"application\/ld+json\" class=\"yoast-schema-graph\">{\"@context\":\"https:\/\/schema.org\",\"@graph\":[{\"@type\":\"WebPage\",\"@id\":\"https:\/\/waldluetle-ev.de\/index.php\/unsere-geschichte\/\",\"url\":\"https:\/\/waldluetle-ev.de\/index.php\/unsere-geschichte\/\",\"name\":\"Unsere Geschichte - Waldluetle.de\",\"isPartOf\":{\"@id\":\"https:\/\/waldluetle-ev.de\/#website\"},\"datePublished\":\"2025-08-21T10:13:19+00:00\",\"dateModified\":\"2025-09-15T04:28:43+00:00\",\"breadcrumb\":{\"@id\":\"https:\/\/waldluetle-ev.de\/index.php\/unsere-geschichte\/#breadcrumb\"},\"inLanguage\":\"de\",\"potentialAction\":[{\"@type\":\"ReadAction\",\"target\":[\"https:\/\/waldluetle-ev.de\/index.php\/unsere-geschichte\/\"]}]},{\"@type\":\"BreadcrumbList\",\"@id\":\"https:\/\/waldluetle-ev.de\/index.php\/unsere-geschichte\/#breadcrumb\",\"itemListElement\":[{\"@type\":\"ListItem\",\"position\":1,\"name\":\"Startseite\",\"item\":\"https:\/\/waldluetle-ev.de\/\"},{\"@type\":\"ListItem\",\"position\":2,\"name\":\"Unsere Geschichte\"}]},{\"@type\":\"WebSite\",\"@id\":\"https:\/\/waldluetle-ev.de\/#website\",\"url\":\"https:\/\/waldluetle-ev.de\/\",\"name\":\"Waldluetle.de\",\"description\":\"\",\"potentialAction\":[{\"@type\":\"SearchAction\",\"target\":{\"@type\":\"EntryPoint\",\"urlTemplate\":\"https:\/\/waldluetle-ev.de\/?s={search_term_string}\"},\"query-input\":{\"@type\":\"PropertyValueSpecification\",\"valueRequired\":true,\"valueName\":\"search_term_string\"}}],\"inLanguage\":\"de\"}]}<\/script>\n<!-- \/ Yoast SEO plugin. -->","yoast_head_json":{"title":"Unsere Geschichte - Waldluetle.de","robots":{"index":"index","follow":"follow","max-snippet":"max-snippet:-1","max-image-preview":"max-image-preview:large","max-video-preview":"max-video-preview:-1"},"canonical":"https:\/\/waldluetle-ev.de\/index.php\/unsere-geschichte\/","og_locale":"de_DE","og_type":"article","og_title":"Unsere Geschichte - Waldluetle.de","og_description":"Unsere GeschichteDer Narrenverein Waldl\u00fctle Eberfingen wurde 1980 gegr\u00fcndet.Den Anstoss dazu gab die Eberfinger Jugend, die den Wunsch hattevolkst\u00fcmliche und alte ortsverwandte Fasnachtsbr\u00e4uche wieder zu beleben. Da Eberfingen von Wald umgeben ist, entschlossen sich die Narren damals,Wesen, die mit dem Wald in enger Beziehung standen, darzustellen. Soentschied man sich f\u00fcr die Figuren des \u201eChr\u00fctterwieblis\u201c und des [&hellip;]","og_url":"https:\/\/waldluetle-ev.de\/index.php\/unsere-geschichte\/","og_site_name":"Waldluetle.de","article_modified_time":"2025-09-15T04:28:43+00:00","twitter_card":"summary_large_image","twitter_misc":{"Gesch\u00e4tzte Lesezeit":"2\u00a0Minuten"},"schema":{"@context":"https:\/\/schema.org","@graph":[{"@type":"WebPage","@id":"https:\/\/waldluetle-ev.de\/index.php\/unsere-geschichte\/","url":"https:\/\/waldluetle-ev.de\/index.php\/unsere-geschichte\/","name":"Unsere Geschichte - Waldluetle.de","isPartOf":{"@id":"https:\/\/waldluetle-ev.de\/#website"},"datePublished":"2025-08-21T10:13:19+00:00","dateModified":"2025-09-15T04:28:43+00:00","breadcrumb":{"@id":"https:\/\/waldluetle-ev.de\/index.php\/unsere-geschichte\/#breadcrumb"},"inLanguage":"de","potentialAction":[{"@type":"ReadAction","target":["https:\/\/waldluetle-ev.de\/index.php\/unsere-geschichte\/"]}]},{"@type":"BreadcrumbList","@id":"https:\/\/waldluetle-ev.de\/index.php\/unsere-geschichte\/#breadcrumb","itemListElement":[{"@type":"ListItem","position":1,"name":"Startseite","item":"https:\/\/waldluetle-ev.de\/"},{"@type":"ListItem","position":2,"name":"Unsere Geschichte"}]},{"@type":"WebSite","@id":"https:\/\/waldluetle-ev.de\/#website","url":"https:\/\/waldluetle-ev.de\/","name":"Waldluetle.de","description":"","potentialAction":[{"@type":"SearchAction","target":{"@type":"EntryPoint","urlTemplate":"https:\/\/waldluetle-ev.de\/?s={search_term_string}"},"query-input":{"@type":"PropertyValueSpecification","valueRequired":true,"valueName":"search_term_string"}}],"inLanguage":"de"}]}},"_links":{"self":[{"href":"https:\/\/waldluetle-ev.de\/index.php\/wp-json\/wp\/v2\/pages\/1547","targetHints":{"allow":["GET"]}}],"collection":[{"href":"https:\/\/waldluetle-ev.de\/index.php\/wp-json\/wp\/v2\/pages"}],"about":[{"href":"https:\/\/waldluetle-ev.de\/index.php\/wp-json\/wp\/v2\/types\/page"}],"author":[{"embeddable":true,"href":"https:\/\/waldluetle-ev.de\/index.php\/wp-json\/wp\/v2\/users\/1"}],"replies":[{"embeddable":true,"href":"https:\/\/waldluetle-ev.de\/index.php\/wp-json\/wp\/v2\/comments?post=1547"}],"version-history":[{"count":8,"href":"https:\/\/waldluetle-ev.de\/index.php\/wp-json\/wp\/v2\/pages\/1547\/revisions"}],"predecessor-version":[{"id":1680,"href":"https:\/\/waldluetle-ev.de\/index.php\/wp-json\/wp\/v2\/pages\/1547\/revisions\/1680"}],"wp:attachment":[{"href":"https:\/\/waldluetle-ev.de\/index.php\/wp-json\/wp\/v2\/media?parent=1547"}],"curies":[{"name":"wp","href":"https:\/\/api.w.org\/{rel}","templated":true}]}}