{"id":1510,"date":"2025-08-20T14:13:51","date_gmt":"2025-08-20T14:13:51","guid":{"rendered":"https:\/\/waldluetle-ev.de\/?page_id=1510"},"modified":"2025-09-04T12:23:35","modified_gmt":"2025-09-04T12:23:35","slug":"unser-narrenlied","status":"publish","type":"page","link":"https:\/\/waldluetle-ev.de\/index.php\/unser-narrenlied\/","title":{"rendered":"Unser Narrenlied"},"content":{"rendered":"<p>[et_pb_section fb_built=&#8220;1&#8243; disabled_on=&#8220;on|on|off&#8220; _builder_version=&#8220;4.27.4&#8243; _module_preset=&#8220;default&#8220; background_enable_color=&#8220;off&#8220; background_image=&#8220;https:\/\/waldluetle-ev.de\/wp-content\/uploads\/2025\/08\/hintergrund-wald-eberfingen-waldluetle-streifen-wald.jpg&#8220; background_position=&#8220;top_center&#8220; z_index=&#8220;2&#8243; max_height=&#8220;110px&#8220; max_height_tablet=&#8220;100px&#8220; max_height_phone=&#8220;100px&#8220; max_height_last_edited=&#8220;on|tablet&#8220; custom_margin=&#8220;0px||0px||false|false&#8220; custom_padding=&#8220;0px||42px||false|false&#8220; global_colors_info=&#8220;{}&#8220;][\/et_pb_section][et_pb_section fb_built=&#8220;1&#8243; admin_label=&#8220;Sektion&#8220; _builder_version=&#8220;4.27.4&#8243; background_color=&#8220;rgba(255,255,255,0)&#8220; use_background_color_gradient=&#8220;on&#8220; background_color_gradient_stops=&#8220;#ffffff 65%|rgba(38,134,114,0.05) 100%&#8220; background_image=&#8220;https:\/\/waldluetle-ev.de\/wp-content\/uploads\/2025\/08\/eberfingen-waldluetle-blaetter-2.jpg&#8220; background_size=&#8220;initial&#8220; background_position=&#8220;top_right&#8220; background_horizontal_offset=&#8220;8%&#8220; background_vertical_offset=&#8220;2%&#8220; custom_margin=&#8220;0px||0px||false|false&#8220; custom_margin_tablet=&#8220;||0px||false|false&#8220; custom_margin_phone=&#8220;||0px||false|false&#8220; custom_margin_last_edited=&#8220;on|phone&#8220; custom_padding=&#8220;0px||0px||false|false&#8220; custom_padding_tablet=&#8220;150px||150px|&#8220; background_color_tablet=&#8220;#FFFFFF&#8220; background_last_edited=&#8220;on|desktop&#8220; background_enable_color_tablet=&#8220;on&#8220; background_enable_image_phone=&#8220;off&#8220; background_size_phone=&#8220;contain&#8220; background_image_width_tablet=&#8220;31%&#8220; background_image_width_phone=&#8220;25%&#8220; background_image_height_tablet=&#8220;14%&#8220; background_image_height_phone=&#8220;5%&#8220; background_position_phone=&#8220;bottom_right&#8220; background_horizontal_offset_tablet=&#8220;6%&#8220; background_horizontal_offset_phone=&#8220;6%&#8220; background_vertical_offset_phone=&#8220;-20%&#8220; transparent_background=&#8220;on&#8220; make_fullwidth=&#8220;off&#8220; use_custom_width=&#8220;off&#8220; width_unit=&#8220;on&#8220; global_colors_info=&#8220;{}&#8220;][et_pb_row custom_padding_last_edited=&#8220;on|phone&#8220; admin_label=&#8220;Zeile&#8220; _builder_version=&#8220;4.27.4&#8243; background_size=&#8220;initial&#8220; background_position=&#8220;top_left&#8220; background_repeat=&#8220;repeat&#8220; width_tablet=&#8220;100%&#8220; width_phone=&#8220;100%&#8220; width_last_edited=&#8220;on|desktop&#8220; custom_margin=&#8220;||20px||false|false&#8220; custom_margin_tablet=&#8220;||20px||false|false&#8220; custom_margin_phone=&#8220;||20px||false|false&#8220; custom_margin_last_edited=&#8220;on|phone&#8220; custom_padding=&#8220;80px||5px||false|false&#8220; custom_padding_tablet=&#8220;85px||5px||false|false&#8220; custom_padding_phone=&#8220;10px||5px||false|false&#8220; global_colors_info=&#8220;{}&#8220;][et_pb_column type=&#8220;4_4&#8243; _builder_version=&#8220;4.16&#8243; custom_padding=&#8220;|||&#8220; global_colors_info=&#8220;{}&#8220; custom_padding__hover=&#8220;|||&#8220;][et_pb_text content_tablet=&#8220;<\/p>\n<h4>Unser Narrenlied<\/h4>\n<p>&#8220; content_phone=&#8220;<\/p>\n<h4>Unser Narrenlied<\/h4>\n<p>&#8220; content_last_edited=&#8220;on|desktop&#8220; _builder_version=&#8220;4.27.4&#8243; _module_preset=&#8220;default&#8220; header_4_font=&#8220;Roboto Slab|600|||||||&#8220; header_4_text_align=&#8220;left&#8220; header_4_text_color=&#8220;#268672&#8243; header_4_font_size=&#8220;45px&#8220; background_color=&#8220;RGBA(255,255,255,0)&#8220; width=&#8220;100%&#8220; width_tablet=&#8220;100%&#8220; width_phone=&#8220;100%&#8220; width_last_edited=&#8220;on|tablet&#8220; module_alignment=&#8220;center&#8220; custom_margin=&#8220;||40px||false|false&#8220; custom_margin_tablet=&#8220;||0px||false|false&#8220; custom_margin_phone=&#8220;||0px||false|false&#8220; custom_margin_last_edited=&#8220;on|tablet&#8220; custom_padding=&#8220;0px||0px|10px|false|false&#8220; custom_padding_tablet=&#8220;||8px|40px|false|false&#8220; custom_padding_phone=&#8220;|||20px|false|false&#8220; custom_padding_last_edited=&#8220;on|tablet&#8220; header_4_font_size_tablet=&#8220;45px&#8220; header_4_font_size_phone=&#8220;40px&#8220; header_4_font_size_last_edited=&#8220;on|phone&#8220; global_colors_info=&#8220;{}&#8220;]<\/p>\n<h4>Unser Narrenlied<\/h4>\n<p>[\/et_pb_text][\/et_pb_column][\/et_pb_row][et_pb_row column_structure=&#8220;2_5,3_5&#8243; custom_padding_last_edited=&#8220;on|phone&#8220; admin_label=&#8220;Zeile&#8220; _builder_version=&#8220;4.27.4&#8243; background_size=&#8220;initial&#8220; background_position=&#8220;top_left&#8220; background_repeat=&#8220;repeat&#8220; width_tablet=&#8220;100%&#8220; width_phone=&#8220;100%&#8220; width_last_edited=&#8220;on|desktop&#8220; custom_margin=&#8220;20px|auto|0px|auto|false|false&#8220; custom_padding=&#8220;0px||0px||false|false&#8220; custom_padding_tablet=&#8220;3px||0px||false|false&#8220; custom_padding_phone=&#8220;0px||0px||false|false&#8220; hover_enabled=&#8220;0&#8243; global_colors_info=&#8220;{}&#8220; sticky_enabled=&#8220;0&#8243;][et_pb_column type=&#8220;2_5&#8243; _builder_version=&#8220;4.27.4&#8243; custom_padding=&#8220;||300px||false|false&#8220; custom_padding_tablet=&#8220;||0px||false|false&#8220; custom_padding_phone=&#8220;||0px||false|false&#8220; custom_padding_last_edited=&#8220;on|tablet&#8220; hover_enabled=&#8220;0&#8243; global_colors_info=&#8220;{}&#8220; custom_padding__hover=&#8220;|||&#8220; sticky_enabled=&#8220;0&#8243;][et_pb_image src=&#8220;https:\/\/waldluetle-ev.de\/wp-content\/uploads\/2025\/08\/walduetle-eberfingen-fotomontage-narrenlied.jpg&#8220; alt=&#8220;walduetle-eberfingen-fotomontage-narrenlied&#8220; title_text=&#8220;walduetle-eberfingen-fotomontage-narrenlied&#8220; show_bottom_space=&#8220;off&#8220; src_tablet=&#8220;https:\/\/waldluetle-ev.de\/wp-content\/uploads\/2025\/08\/walduetle-eberfingen-fotomontage-narrenlied.jpg&#8220; src_phone=&#8220;https:\/\/waldluetle-ev.de\/wp-content\/uploads\/2025\/08\/walduetle-eberfingen-fotomontage-narrenlied.jpg&#8220; src_last_edited=&#8220;on|phone&#8220; align_tablet=&#8220;center&#8220; align_phone=&#8220;&#8220; align_last_edited=&#8220;on|tablet&#8220; _builder_version=&#8220;4.27.4&#8243; _module_preset=&#8220;default&#8220; width_tablet=&#8220;40%&#8220; width_phone=&#8220;40%&#8220; width_last_edited=&#8220;on|desktop&#8220; custom_padding=&#8220;||||false|false&#8220; custom_padding_tablet=&#8220;0px|||30px|false|false&#8220; custom_padding_phone=&#8220;0px|||0px|false|false&#8220; custom_padding_last_edited=&#8220;on|phone&#8220; border_radii=&#8220;on|9px|9px|9px|9px&#8220; border_width_all=&#8220;10px&#8220; border_color_all=&#8220;#FFFFFF&#8220; global_colors_info=&#8220;{}&#8220;][\/et_pb_image][\/et_pb_column][et_pb_column type=&#8220;3_5&#8243; _builder_version=&#8220;4.27.4&#8243; background_color=&#8220;RGBA(255,255,255,0)&#8220; custom_padding=&#8220;||0px||false|false&#8220; custom_padding_tablet=&#8220;||100px||false|false&#8220; custom_padding_phone=&#8220;||50px||false|false&#8220; custom_padding_last_edited=&#8220;on|desktop&#8220; hover_enabled=&#8220;0&#8243; global_colors_info=&#8220;{}&#8220; custom_padding__hover=&#8220;|||&#8220; sticky_enabled=&#8220;0&#8243;][et_pb_text content_tablet=&#8220;<\/p>\n<p>Selbst mit einem eigenen Narrenschlager sind die Waldl\u00fctle best\u00fcckt.<br \/>Komponiert wurde das zweistrophige Narrenlied von Gerhard Blatter.<br \/>Seine Mutter Paula Blatter hat den dazugeh\u00f6rigen Text geschrieben:<\/p>\n<p>1. Chr\u00fctterwiebli, Wurzelsepp, Narri Narri Narro,<br \/>jedes Johr um d\u2018Fasnetzit, do sind mer wieder do.<br \/>Und wem mer ch\u00f6mmet us \u00e4m Wald,<br \/>sufet Bier und Schnaps, dass\u2018s knallt,<br \/>sp\u00fcret\u2018s alli L\u00fct,<br \/>Fasnet mach\u00e4, \u201as isch halt so,<br \/>\u00f6b&#8217;s bi \u00fcs, \u00f6b&#8217;s anderschtwo,<br \/>&#8217;s h\u00e4lt en jed\u00e4 fit.<\/p>\n<p>2. Mit Humor und Narretei, so gr\u00fcesset mir eu h\u00fct<br \/>und w\u00fcnschet eu no recht viel Freud i d\u00e4r\u00e4 sch\u00f6n\u00e4 Zit.<br \/>Und wenn eu du\u00e4t d\u00e4 Sch\u00e4del weh,<br \/>d\u00e4 Buuch und d\u2018Bei und suscht no meh,<br \/>Ch\u00f6mmet schnell vubi.<\/p>\n<p>&#8220; content_phone=&#8220;<\/p>\n<p>Selbst mit einem eigenen Narrenschlager sind die Waldl\u00fctle best\u00fcckt.<br \/>Komponiert wurde das zweistrophige Narrenlied von Gerhard Blatter.<br \/>Seine Mutter Paula Blatter hat den dazugeh\u00f6rigen Text geschrieben:<\/p>\n<p>1. Chr\u00fctterwiebli, Wurzelsepp, Narri Narri Narro,<br \/>jedes Johr um d\u2018Fasnetzit, do sind mer wieder do.<br \/>Und wem mer ch\u00f6mmet us \u00e4m Wald,<br \/>sufet Bier und Schnaps, dass\u2018s knallt,<br \/>sp\u00fcret\u2018s alli L\u00fct,<br \/>Fasnet mach\u00e4, \u201as isch halt so,<br \/>\u00f6b&#8217;s bi \u00fcs, \u00f6b&#8217;s anderschtwo,<br \/>&#8217;s h\u00e4lt en jed\u00e4 fit.<\/p>\n<p>2. Mit Humor und Narretei, so gr\u00fcesset mir eu h\u00fct<br \/>und w\u00fcnschet eu no recht viel Freud i d\u00e4r\u00e4 sch\u00f6n\u00e4 Zit.<br \/>Und wenn eu du\u00e4t d\u00e4 Sch\u00e4del weh,<br \/>d\u00e4 Buuch und d\u2018Bei und suscht no meh,<br \/>Ch\u00f6mmet schnell vubi.<\/p>\n<p>&#8220; content_last_edited=&#8220;on|desktop&#8220; admin_label=&#8220;Zitat&#8220; _builder_version=&#8220;4.27.4&#8243; text_font=&#8220;Roboto||||||||&#8220; text_text_color=&#8220;#17705e&#8220; text_font_size=&#8220;21px&#8220; text_line_height=&#8220;1.4em&#8220; header_4_font=&#8220;Roboto|700|||||||&#8220; header_4_text_color=&#8220;#000000&#8243; header_4_font_size=&#8220;30px&#8220; header_6_font=&#8220;Roboto||||||||&#8220; header_6_text_color=&#8220;#000000&#8243; header_6_font_size=&#8220;21px&#8220; header_6_line_height=&#8220;1.4em&#8220; background_enable_color=&#8220;off&#8220; background_size=&#8220;initial&#8220; background_position=&#8220;top_left&#8220; background_repeat=&#8220;repeat&#8220; background_layout=&#8220;dark&#8220; max_width=&#8220;95%&#8220; max_width_tablet=&#8220;90%&#8220; max_width_phone=&#8220;90%&#8220; max_width_last_edited=&#8220;on|tablet&#8220; module_alignment=&#8220;center&#8220; custom_margin=&#8220;||||false|false&#8220; custom_padding=&#8220;0px|30px|||false|false&#8220; custom_padding_tablet=&#8220;|0px|||false|false&#8220; custom_padding_phone=&#8220;|0px|||false|false&#8220; custom_padding_last_edited=&#8220;on|phone&#8220; use_border_color=&#8220;off&#8220; border_color=&#8220;#ffffff&#8220; border_style=&#8220;solid&#8220; global_colors_info=&#8220;{}&#8220;]<\/p>\n<p><span style=\"color: #003300;\">Selbst mit einem eigenen Narrenschlager sind die Waldl\u00fctle best\u00fcckt.<\/span><br \/><span style=\"color: #003300;\">Komponiert wurde das zweistrophige Narrenlied von Gerhard Blatter.<\/span><br \/><span style=\"color: #003300;\">Seine Mutter Paula Blatter hat den dazugeh\u00f6rigen Text geschrieben:<\/span><\/p>\n<p><span style=\"color: #003300;\">1. Chr\u00fctterwiebli, Wurzelsepp, Narri Narri Narro,<\/span><br \/><span style=\"color: #003300;\">jedes Johr um d\u2018Fasnetzit, do sind mer wieder do.<\/span><br \/><span style=\"color: #003300;\">Und wem mer ch\u00f6mmet us \u00e4m Wald,<\/span><br \/><span style=\"color: #003300;\">sufet Bier und Schnaps, dass\u2018s knallt,<\/span><br \/><span style=\"color: #003300;\">sp\u00fcret\u2018s alli L\u00fct,<\/span><br \/><span style=\"color: #003300;\">Fasnet mach\u00e4, \u201as isch halt so,<\/span><br \/><span style=\"color: #003300;\">\u00f6b&#8217;s bi \u00fcs, \u00f6b&#8217;s anderschtwo,<\/span><br \/><span style=\"color: #003300;\">&#8217;s h\u00e4lt en jed\u00e4 fit.<\/span><\/p>\n<p><span style=\"color: #003300;\">2. Mit Humor und Narretei, so gr\u00fcesset mir eu h\u00fct<\/span><br \/><span style=\"color: #003300;\">und w\u00fcnschet eu no recht viel Freud i d\u00e4r\u00e4 sch\u00f6n\u00e4 Zit.<\/span><br \/><span style=\"color: #003300;\">Und wenn eu du\u00e4t d\u00e4 Sch\u00e4del weh,<\/span><br \/><span style=\"color: #003300;\">d\u00e4 Buuch und d\u2018Bei und suscht no meh,<\/span><br \/><span style=\"color: #003300;\">Ch\u00f6mmet schnell vubi.<\/span><\/p>\n<p>[\/et_pb_text][\/et_pb_column][\/et_pb_row][\/et_pb_section]<\/p>\n","protected":false},"excerpt":{"rendered":"<p>Unser NarrenliedSelbst mit einem eigenen Narrenschlager sind die Waldl\u00fctle best\u00fcckt.Komponiert wurde das zweistrophige Narrenlied von Gerhard Blatter.Seine Mutter Paula Blatter hat den dazugeh\u00f6rigen Text geschrieben: 1. Chr\u00fctterwiebli, Wurzelsepp, Narri Narri Narro,jedes Johr um d\u2018Fasnetzit, do sind mer wieder do.Und wem mer ch\u00f6mmet us \u00e4m Wald,sufet Bier und Schnaps, dass\u2018s knallt,sp\u00fcret\u2018s alli L\u00fct,Fasnet mach\u00e4, \u201as isch [&hellip;]<\/p>\n","protected":false},"author":1,"featured_media":0,"parent":0,"menu_order":0,"comment_status":"closed","ping_status":"closed","template":"","meta":{"_et_pb_use_builder":"on","_et_pb_old_content":"","_et_gb_content_width":"","footnotes":""},"class_list":["post-1510","page","type-page","status-publish","hentry"],"yoast_head":"<!-- This site is optimized with the Yoast SEO plugin v25.8 - https:\/\/yoast.com\/wordpress\/plugins\/seo\/ -->\n<title>Unser Narrenlied - Waldluetle.de<\/title>\n<meta name=\"robots\" content=\"index, follow, max-snippet:-1, max-image-preview:large, max-video-preview:-1\" \/>\n<link rel=\"canonical\" href=\"https:\/\/waldluetle-ev.de\/index.php\/unser-narrenlied\/\" \/>\n<meta property=\"og:locale\" content=\"de_DE\" \/>\n<meta property=\"og:type\" content=\"article\" \/>\n<meta property=\"og:title\" content=\"Unser Narrenlied - Waldluetle.de\" \/>\n<meta property=\"og:description\" content=\"Unser NarrenliedSelbst mit einem eigenen Narrenschlager sind die Waldl\u00fctle best\u00fcckt.Komponiert wurde das zweistrophige Narrenlied von Gerhard Blatter.Seine Mutter Paula Blatter hat den dazugeh\u00f6rigen Text geschrieben: 1. Chr\u00fctterwiebli, Wurzelsepp, Narri Narri Narro,jedes Johr um d\u2018Fasnetzit, do sind mer wieder do.Und wem mer ch\u00f6mmet us \u00e4m Wald,sufet Bier und Schnaps, dass\u2018s knallt,sp\u00fcret\u2018s alli L\u00fct,Fasnet mach\u00e4, \u201as isch [&hellip;]\" \/>\n<meta property=\"og:url\" content=\"https:\/\/waldluetle-ev.de\/index.php\/unser-narrenlied\/\" \/>\n<meta property=\"og:site_name\" content=\"Waldluetle.de\" \/>\n<meta property=\"article:modified_time\" content=\"2025-09-04T12:23:35+00:00\" \/>\n<meta name=\"twitter:card\" content=\"summary_large_image\" \/>\n<meta name=\"twitter:label1\" content=\"Gesch\u00e4tzte Lesezeit\" \/>\n\t<meta name=\"twitter:data1\" content=\"3\u00a0Minuten\" \/>\n<script type=\"application\/ld+json\" class=\"yoast-schema-graph\">{\"@context\":\"https:\/\/schema.org\",\"@graph\":[{\"@type\":\"WebPage\",\"@id\":\"https:\/\/waldluetle-ev.de\/index.php\/unser-narrenlied\/\",\"url\":\"https:\/\/waldluetle-ev.de\/index.php\/unser-narrenlied\/\",\"name\":\"Unser Narrenlied - Waldluetle.de\",\"isPartOf\":{\"@id\":\"https:\/\/waldluetle-ev.de\/#website\"},\"datePublished\":\"2025-08-20T14:13:51+00:00\",\"dateModified\":\"2025-09-04T12:23:35+00:00\",\"breadcrumb\":{\"@id\":\"https:\/\/waldluetle-ev.de\/index.php\/unser-narrenlied\/#breadcrumb\"},\"inLanguage\":\"de\",\"potentialAction\":[{\"@type\":\"ReadAction\",\"target\":[\"https:\/\/waldluetle-ev.de\/index.php\/unser-narrenlied\/\"]}]},{\"@type\":\"BreadcrumbList\",\"@id\":\"https:\/\/waldluetle-ev.de\/index.php\/unser-narrenlied\/#breadcrumb\",\"itemListElement\":[{\"@type\":\"ListItem\",\"position\":1,\"name\":\"Startseite\",\"item\":\"https:\/\/waldluetle-ev.de\/\"},{\"@type\":\"ListItem\",\"position\":2,\"name\":\"Unser Narrenlied\"}]},{\"@type\":\"WebSite\",\"@id\":\"https:\/\/waldluetle-ev.de\/#website\",\"url\":\"https:\/\/waldluetle-ev.de\/\",\"name\":\"Waldluetle.de\",\"description\":\"\",\"potentialAction\":[{\"@type\":\"SearchAction\",\"target\":{\"@type\":\"EntryPoint\",\"urlTemplate\":\"https:\/\/waldluetle-ev.de\/?s={search_term_string}\"},\"query-input\":{\"@type\":\"PropertyValueSpecification\",\"valueRequired\":true,\"valueName\":\"search_term_string\"}}],\"inLanguage\":\"de\"}]}<\/script>\n<!-- \/ Yoast SEO plugin. -->","yoast_head_json":{"title":"Unser Narrenlied - Waldluetle.de","robots":{"index":"index","follow":"follow","max-snippet":"max-snippet:-1","max-image-preview":"max-image-preview:large","max-video-preview":"max-video-preview:-1"},"canonical":"https:\/\/waldluetle-ev.de\/index.php\/unser-narrenlied\/","og_locale":"de_DE","og_type":"article","og_title":"Unser Narrenlied - Waldluetle.de","og_description":"Unser NarrenliedSelbst mit einem eigenen Narrenschlager sind die Waldl\u00fctle best\u00fcckt.Komponiert wurde das zweistrophige Narrenlied von Gerhard Blatter.Seine Mutter Paula Blatter hat den dazugeh\u00f6rigen Text geschrieben: 1. Chr\u00fctterwiebli, Wurzelsepp, Narri Narri Narro,jedes Johr um d\u2018Fasnetzit, do sind mer wieder do.Und wem mer ch\u00f6mmet us \u00e4m Wald,sufet Bier und Schnaps, dass\u2018s knallt,sp\u00fcret\u2018s alli L\u00fct,Fasnet mach\u00e4, \u201as isch [&hellip;]","og_url":"https:\/\/waldluetle-ev.de\/index.php\/unser-narrenlied\/","og_site_name":"Waldluetle.de","article_modified_time":"2025-09-04T12:23:35+00:00","twitter_card":"summary_large_image","twitter_misc":{"Gesch\u00e4tzte Lesezeit":"3\u00a0Minuten"},"schema":{"@context":"https:\/\/schema.org","@graph":[{"@type":"WebPage","@id":"https:\/\/waldluetle-ev.de\/index.php\/unser-narrenlied\/","url":"https:\/\/waldluetle-ev.de\/index.php\/unser-narrenlied\/","name":"Unser Narrenlied - Waldluetle.de","isPartOf":{"@id":"https:\/\/waldluetle-ev.de\/#website"},"datePublished":"2025-08-20T14:13:51+00:00","dateModified":"2025-09-04T12:23:35+00:00","breadcrumb":{"@id":"https:\/\/waldluetle-ev.de\/index.php\/unser-narrenlied\/#breadcrumb"},"inLanguage":"de","potentialAction":[{"@type":"ReadAction","target":["https:\/\/waldluetle-ev.de\/index.php\/unser-narrenlied\/"]}]},{"@type":"BreadcrumbList","@id":"https:\/\/waldluetle-ev.de\/index.php\/unser-narrenlied\/#breadcrumb","itemListElement":[{"@type":"ListItem","position":1,"name":"Startseite","item":"https:\/\/waldluetle-ev.de\/"},{"@type":"ListItem","position":2,"name":"Unser Narrenlied"}]},{"@type":"WebSite","@id":"https:\/\/waldluetle-ev.de\/#website","url":"https:\/\/waldluetle-ev.de\/","name":"Waldluetle.de","description":"","potentialAction":[{"@type":"SearchAction","target":{"@type":"EntryPoint","urlTemplate":"https:\/\/waldluetle-ev.de\/?s={search_term_string}"},"query-input":{"@type":"PropertyValueSpecification","valueRequired":true,"valueName":"search_term_string"}}],"inLanguage":"de"}]}},"_links":{"self":[{"href":"https:\/\/waldluetle-ev.de\/index.php\/wp-json\/wp\/v2\/pages\/1510","targetHints":{"allow":["GET"]}}],"collection":[{"href":"https:\/\/waldluetle-ev.de\/index.php\/wp-json\/wp\/v2\/pages"}],"about":[{"href":"https:\/\/waldluetle-ev.de\/index.php\/wp-json\/wp\/v2\/types\/page"}],"author":[{"embeddable":true,"href":"https:\/\/waldluetle-ev.de\/index.php\/wp-json\/wp\/v2\/users\/1"}],"replies":[{"embeddable":true,"href":"https:\/\/waldluetle-ev.de\/index.php\/wp-json\/wp\/v2\/comments?post=1510"}],"version-history":[{"count":9,"href":"https:\/\/waldluetle-ev.de\/index.php\/wp-json\/wp\/v2\/pages\/1510\/revisions"}],"predecessor-version":[{"id":1663,"href":"https:\/\/waldluetle-ev.de\/index.php\/wp-json\/wp\/v2\/pages\/1510\/revisions\/1663"}],"wp:attachment":[{"href":"https:\/\/waldluetle-ev.de\/index.php\/wp-json\/wp\/v2\/media?parent=1510"}],"curies":[{"name":"wp","href":"https:\/\/api.w.org\/{rel}","templated":true}]}}