{"id":1316,"date":"2025-08-20T09:02:29","date_gmt":"2025-08-20T09:02:29","guid":{"rendered":"https:\/\/waldluetle-ev.de\/?page_id=1316"},"modified":"2025-09-04T12:21:47","modified_gmt":"2025-09-04T12:21:47","slug":"unser-haes","status":"publish","type":"page","link":"https:\/\/waldluetle-ev.de\/index.php\/unser-haes\/","title":{"rendered":"Unser H\u00e4s"},"content":{"rendered":"<p>[et_pb_section fb_built=&#8220;1&#8243; disabled_on=&#8220;on|on|off&#8220; _builder_version=&#8220;4.27.4&#8243; _module_preset=&#8220;default&#8220; background_enable_color=&#8220;off&#8220; background_image=&#8220;https:\/\/waldluetle-ev.de\/wp-content\/uploads\/2025\/08\/hintergrund-wald-eberfingen-waldluetle-streifen-wald.jpg&#8220; background_position=&#8220;top_center&#8220; z_index=&#8220;2&#8243; max_height=&#8220;115px&#8220; max_height_tablet=&#8220;100px&#8220; max_height_phone=&#8220;100px&#8220; max_height_last_edited=&#8220;on|tablet&#8220; custom_margin=&#8220;0px||0px||false|false&#8220; custom_padding=&#8220;0px||42px||false|false&#8220; global_colors_info=&#8220;{}&#8220;][\/et_pb_section][et_pb_section fb_built=&#8220;1&#8243; custom_padding_last_edited=&#8220;on|desktop&#8220; admin_label=&#8220;Sektion&#8220; _builder_version=&#8220;4.27.4&#8243; background_color=&#8220;rgba(255,255,255,0)&#8220; use_background_color_gradient=&#8220;on&#8220; background_color_gradient_stops=&#8220;#ffffff 65%|rgba(173,96,8,0.18) 100%&#8220; background_image=&#8220;https:\/\/waldluetle-ev.de\/wp-content\/uploads\/2025\/08\/eberfingen-waldluetle-blaetter-2.jpg&#8220; background_size=&#8220;initial&#8220; background_position=&#8220;top_right&#8220; background_horizontal_offset=&#8220;8%&#8220; background_vertical_offset=&#8220;2%&#8220; custom_margin=&#8220;0px||0px||false|false&#8220; custom_padding=&#8220;0px||0px||false|false&#8220; custom_padding_tablet=&#8220;150px||150px|&#8220; custom_padding_phone=&#8220;0px||0px||false|false&#8220; hover_enabled=&#8220;0&#8243; background_color_tablet=&#8220;#FFFFFF&#8220; background_last_edited=&#8220;on|phone&#8220; background_enable_color_tablet=&#8220;on&#8220; background_enable_image_phone=&#8220;off&#8220; background_size_phone=&#8220;contain&#8220; background_image_width_tablet=&#8220;31%&#8220; background_image_width_phone=&#8220;25%&#8220; background_image_height_tablet=&#8220;14%&#8220; background_image_height_phone=&#8220;5%&#8220; background_position_phone=&#8220;bottom_right&#8220; background_horizontal_offset_tablet=&#8220;6%&#8220; background_horizontal_offset_phone=&#8220;6%&#8220; background_vertical_offset_phone=&#8220;-20%&#8220; transparent_background=&#8220;on&#8220; make_fullwidth=&#8220;off&#8220; use_custom_width=&#8220;off&#8220; width_unit=&#8220;on&#8220; global_colors_info=&#8220;{}&#8220; sticky_enabled=&#8220;0&#8243;][et_pb_row custom_padding_last_edited=&#8220;on|phone&#8220; admin_label=&#8220;Zeile&#8220; _builder_version=&#8220;4.17.3&#8243; background_size=&#8220;initial&#8220; background_position=&#8220;top_left&#8220; background_repeat=&#8220;repeat&#8220; width_tablet=&#8220;100%&#8220; width_phone=&#8220;100%&#8220; width_last_edited=&#8220;on|desktop&#8220; custom_padding=&#8220;80px||5px||false|false&#8220; custom_padding_tablet=&#8220;85px||5px||false|false&#8220; custom_padding_phone=&#8220;10px||5px||false|false&#8220; global_colors_info=&#8220;{}&#8220;][et_pb_column type=&#8220;4_4&#8243; _builder_version=&#8220;4.16&#8243; custom_padding=&#8220;|||&#8220; global_colors_info=&#8220;{}&#8220; custom_padding__hover=&#8220;|||&#8220;][et_pb_text content_tablet=&#8220;<\/p>\n<h4>Unser H\u00e4s<\/h4>\n<p>&#8220; content_phone=&#8220;<\/p>\n<h4>Unser H\u00e4s<\/h4>\n<p>&#8220; content_last_edited=&#8220;on|desktop&#8220; _builder_version=&#8220;4.27.4&#8243; _module_preset=&#8220;default&#8220; header_4_font=&#8220;Roboto Slab|600|||||||&#8220; header_4_text_align=&#8220;left&#8220; header_4_text_color=&#8220;#268672&#8243; header_4_font_size=&#8220;45px&#8220; background_color=&#8220;RGBA(255,255,255,0)&#8220; width=&#8220;100%&#8220; width_tablet=&#8220;100%&#8220; width_phone=&#8220;100%&#8220; width_last_edited=&#8220;on|tablet&#8220; module_alignment=&#8220;center&#8220; custom_margin=&#8220;||40px||false|false&#8220; custom_margin_tablet=&#8220;||0px||false|false&#8220; custom_margin_phone=&#8220;||0px||false|false&#8220; custom_margin_last_edited=&#8220;on|tablet&#8220; custom_padding=&#8220;0px||0px|40px|false|false&#8220; custom_padding_tablet=&#8220;||8px|40px|false|false&#8220; custom_padding_phone=&#8220;|||20px|false|false&#8220; custom_padding_last_edited=&#8220;on|desktop&#8220; header_4_font_size_tablet=&#8220;45px&#8220; header_4_font_size_phone=&#8220;40px&#8220; header_4_font_size_last_edited=&#8220;on|phone&#8220; global_colors_info=&#8220;{}&#8220;]<\/p>\n<h4>Unser H\u00e4s<\/h4>\n<p>[\/et_pb_text][\/et_pb_column][\/et_pb_row][et_pb_row column_structure=&#8220;2_5,3_5&#8243; custom_padding_last_edited=&#8220;on|phone&#8220; admin_label=&#8220;Zeile&#8220; _builder_version=&#8220;4.27.4&#8243; background_size=&#8220;initial&#8220; background_position=&#8220;top_left&#8220; background_repeat=&#8220;repeat&#8220; width_tablet=&#8220;100%&#8220; width_phone=&#8220;100%&#8220; width_last_edited=&#8220;on|desktop&#8220; custom_margin=&#8220;20px|auto|0px|auto|false|false&#8220; custom_margin_tablet=&#8220;20px||0px||false|false&#8220; custom_margin_phone=&#8220;||0px||false|false&#8220; custom_margin_last_edited=&#8220;on|phone&#8220; custom_padding=&#8220;0px||200px||false|false&#8220; custom_padding_tablet=&#8220;3px||100px||false|false&#8220; custom_padding_phone=&#8220;0px||0px||false|false&#8220; hover_enabled=&#8220;0&#8243; global_colors_info=&#8220;{}&#8220; sticky_enabled=&#8220;0&#8243;][et_pb_column type=&#8220;2_5&#8243; _builder_version=&#8220;4.27.4&#8243; custom_padding=&#8220;||200px||false|false&#8220; custom_padding_tablet=&#8220;||10px||false|false&#8220; custom_padding_phone=&#8220;||10px||false|false&#8220; custom_padding_last_edited=&#8220;on|tablet&#8220; hover_enabled=&#8220;0&#8243; global_colors_info=&#8220;{}&#8220; custom_padding__hover=&#8220;|||&#8220; sticky_enabled=&#8220;0&#8243;][et_pb_image src=&#8220;https:\/\/waldluetle-ev.de\/wp-content\/uploads\/2025\/08\/walduetle-eberfingen-narren-wald.jpg&#8220; alt=&#8220;walduetle-eberfingen-narren-wald&#8220; title_text=&#8220;walduetle-eberfingen-narren-wald&#8220; show_bottom_space=&#8220;off&#8220; align_tablet=&#8220;center&#8220; align_phone=&#8220;&#8220; align_last_edited=&#8220;on|tablet&#8220; _builder_version=&#8220;4.17.3&#8243; _module_preset=&#8220;default&#8220; custom_padding=&#8220;||||false|false&#8220; custom_padding_tablet=&#8220;0px|||30px|false|false&#8220; custom_padding_phone=&#8220;0px|||0px|false|false&#8220; custom_padding_last_edited=&#8220;on|phone&#8220; border_radii=&#8220;on|9px|9px|9px|9px&#8220; border_width_all=&#8220;10px&#8220; border_color_all=&#8220;#FFFFFF&#8220; box_shadow_style=&#8220;preset3&#8243; global_colors_info=&#8220;{}&#8220;][\/et_pb_image][\/et_pb_column][et_pb_column type=&#8220;3_5&#8243; _builder_version=&#8220;4.27.4&#8243; background_color=&#8220;RGBA(255,255,255,0)&#8220; custom_padding=&#8220;||0px||false|false&#8220; custom_padding_tablet=&#8220;||0px||false|false&#8220; custom_padding_phone=&#8220;||50px||false|false&#8220; custom_padding_last_edited=&#8220;on|phone&#8220; hover_enabled=&#8220;0&#8243; global_colors_info=&#8220;{}&#8220; custom_padding__hover=&#8220;|||&#8220; sticky_enabled=&#8220;0&#8243;][et_pb_text content_tablet=&#8220;<\/p>\n<p>Das \u201eChr\u00fctterwiebli\u201c ist eine fr\u00f6hliche Gestalt mit gesunden roten Backen.<br \/>Der \u201eWurzelsepp\u201c dagegen macht dem Aussehen einer knorrigen Baumwurzel alle Ehre. Das H\u00e4s des \u201eChr\u00fctterwieblis\u201c erweckt mit seiner gelben Bluse zum braunen Rock, aufgelockert mit gr\u00fcner Sch\u00fcrze und Tuch mit aufgen\u00e4hten Blattmotiven, einen farbenfrohen Eindruck.<br \/>Auch das aus brauner Farbe bestehende M\u00e4nnerh\u00e4s besticht durch seine aufgen\u00e4hten bunten Bl\u00e4tter von allen wichtigen Baumsorten des Waldes. Ausserdem zieren prachtvolle, selbst geflochtene K\u00f6rbe den \u201eWurzelsepp\u201c, wogegen das<br \/>\u201eChr\u00fctterwiebli\u201c mit allerlei guten fl\u00fcssigen Heilmitteln aus dem Wald ausgestattet ist.<\/p>\n<p>&#8220; content_phone=&#8220;<\/p>\n<p>Das \u201eChr\u00fctterwiebli\u201c ist eine fr\u00f6hliche Gestalt mit gesunden roten Backen.<br \/>Der \u201eWurzelsepp\u201c dagegen macht dem Aussehen einer knorrigen Baumwurzel alle Ehre. Das H\u00e4s des \u201eChr\u00fctterwieblis\u201c erweckt mit seiner gelben Bluse zum braunen Rock, aufgelockert mit gr\u00fcner Sch\u00fcrze und Tuch mit aufgen\u00e4hten Blattmotiven, einen farbenfrohen Eindruck.<br \/>Auch das aus brauner Farbe bestehende M\u00e4nnerh\u00e4s besticht durch seine aufgen\u00e4hten bunten Bl\u00e4tter von allen wichtigen Baumsorten des Waldes. Ausserdem zieren prachtvolle, selbst geflochtene K\u00f6rbe den \u201eWurzelsepp\u201c, wogegen das<br \/>\u201eChr\u00fctterwiebli\u201c mit allerlei guten fl\u00fcssigen Heilmitteln aus dem Wald ausgestattet ist.<\/p>\n<p>&#8220; content_last_edited=&#8220;on|desktop&#8220; admin_label=&#8220;Zitat&#8220; _builder_version=&#8220;4.27.4&#8243; text_font=&#8220;Roboto||||||||&#8220; text_text_color=&#8220;#000000&#8243; text_font_size=&#8220;24px&#8220; text_line_height=&#8220;1.5em&#8220; header_4_font=&#8220;Arbutus Slab|700|||||||&#8220; header_4_text_color=&#8220;#000000&#8243; header_4_font_size=&#8220;30px&#8220; background_enable_color=&#8220;off&#8220; background_size=&#8220;initial&#8220; background_position=&#8220;top_left&#8220; background_repeat=&#8220;repeat&#8220; background_layout=&#8220;dark&#8220; max_width=&#8220;95%&#8220; max_width_tablet=&#8220;90%&#8220; max_width_phone=&#8220;90%&#8220; max_width_last_edited=&#8220;on|tablet&#8220; module_alignment=&#8220;center&#8220; custom_margin=&#8220;0px||0px||false|false&#8220; custom_margin_tablet=&#8220;||0px||false|false&#8220; custom_margin_phone=&#8220;||0px||false|false&#8220; custom_margin_last_edited=&#8220;on|phone&#8220; custom_padding=&#8220;0px|30px|0px||false|false&#8220; custom_padding_tablet=&#8220;|0px|||false|false&#8220; custom_padding_phone=&#8220;|0px|0px||false|false&#8220; custom_padding_last_edited=&#8220;on|tablet&#8220; use_border_color=&#8220;off&#8220; border_color=&#8220;#ffffff&#8220; border_style=&#8220;solid&#8220; global_colors_info=&#8220;{}&#8220;]<\/p>\n<p>Das \u201eChr\u00fctterwiebli\u201c ist eine fr\u00f6hliche Gestalt mit gesunden roten Backen.<br \/>Der \u201eWurzelsepp\u201c dagegen macht dem Aussehen einer knorrigen Baumwurzel alle Ehre. Das H\u00e4s des \u201eChr\u00fctterwieblis\u201c erweckt mit seiner gelben Bluse zum braunen Rock, aufgelockert mit gr\u00fcner Sch\u00fcrze und Tuch mit aufgen\u00e4hten Blattmotiven, einen farbenfrohen Eindruck.<br \/>Auch das aus brauner Farbe bestehende M\u00e4nnerh\u00e4s besticht durch seine aufgen\u00e4hten bunten Bl\u00e4tter von allen wichtigen Baumsorten des Waldes. Ausserdem zieren prachtvolle, selbst geflochtene K\u00f6rbe den \u201eWurzelsepp\u201c, wogegen das<br \/>\u201eChr\u00fctterwiebli\u201c mit allerlei guten fl\u00fcssigen Heilmitteln aus dem Wald ausgestattet ist.<\/p>\n<p>[\/et_pb_text][\/et_pb_column][\/et_pb_row][\/et_pb_section]<\/p>\n","protected":false},"excerpt":{"rendered":"<p>Unser H\u00e4sDas \u201eChr\u00fctterwiebli\u201c ist eine fr\u00f6hliche Gestalt mit gesunden roten Backen.Der \u201eWurzelsepp\u201c dagegen macht dem Aussehen einer knorrigen Baumwurzel alle Ehre. Das H\u00e4s des \u201eChr\u00fctterwieblis\u201c erweckt mit seiner gelben Bluse zum braunen Rock, aufgelockert mit gr\u00fcner Sch\u00fcrze und Tuch mit aufgen\u00e4hten Blattmotiven, einen farbenfrohen Eindruck.Auch das aus brauner Farbe bestehende M\u00e4nnerh\u00e4s besticht durch seine aufgen\u00e4hten [&hellip;]<\/p>\n","protected":false},"author":1,"featured_media":0,"parent":0,"menu_order":0,"comment_status":"closed","ping_status":"closed","template":"","meta":{"_et_pb_use_builder":"on","_et_pb_old_content":"","_et_gb_content_width":"","footnotes":""},"class_list":["post-1316","page","type-page","status-publish","hentry"],"yoast_head":"<!-- This site is optimized with the Yoast SEO plugin v25.8 - https:\/\/yoast.com\/wordpress\/plugins\/seo\/ -->\n<title>Unser H\u00e4s - Waldluetle.de<\/title>\n<meta name=\"robots\" content=\"index, follow, max-snippet:-1, max-image-preview:large, max-video-preview:-1\" \/>\n<link rel=\"canonical\" href=\"https:\/\/waldluetle-ev.de\/index.php\/unser-haes\/\" \/>\n<meta property=\"og:locale\" content=\"de_DE\" \/>\n<meta property=\"og:type\" content=\"article\" \/>\n<meta property=\"og:title\" content=\"Unser H\u00e4s - Waldluetle.de\" \/>\n<meta property=\"og:description\" content=\"Unser H\u00e4sDas \u201eChr\u00fctterwiebli\u201c ist eine fr\u00f6hliche Gestalt mit gesunden roten Backen.Der \u201eWurzelsepp\u201c dagegen macht dem Aussehen einer knorrigen Baumwurzel alle Ehre. Das H\u00e4s des \u201eChr\u00fctterwieblis\u201c erweckt mit seiner gelben Bluse zum braunen Rock, aufgelockert mit gr\u00fcner Sch\u00fcrze und Tuch mit aufgen\u00e4hten Blattmotiven, einen farbenfrohen Eindruck.Auch das aus brauner Farbe bestehende M\u00e4nnerh\u00e4s besticht durch seine aufgen\u00e4hten [&hellip;]\" \/>\n<meta property=\"og:url\" content=\"https:\/\/waldluetle-ev.de\/index.php\/unser-haes\/\" \/>\n<meta property=\"og:site_name\" content=\"Waldluetle.de\" \/>\n<meta property=\"article:modified_time\" content=\"2025-09-04T12:21:47+00:00\" \/>\n<meta name=\"twitter:card\" content=\"summary_large_image\" \/>\n<script type=\"application\/ld+json\" class=\"yoast-schema-graph\">{\"@context\":\"https:\/\/schema.org\",\"@graph\":[{\"@type\":\"WebPage\",\"@id\":\"https:\/\/waldluetle-ev.de\/index.php\/unser-haes\/\",\"url\":\"https:\/\/waldluetle-ev.de\/index.php\/unser-haes\/\",\"name\":\"Unser H\u00e4s - Waldluetle.de\",\"isPartOf\":{\"@id\":\"https:\/\/waldluetle-ev.de\/#website\"},\"datePublished\":\"2025-08-20T09:02:29+00:00\",\"dateModified\":\"2025-09-04T12:21:47+00:00\",\"breadcrumb\":{\"@id\":\"https:\/\/waldluetle-ev.de\/index.php\/unser-haes\/#breadcrumb\"},\"inLanguage\":\"de\",\"potentialAction\":[{\"@type\":\"ReadAction\",\"target\":[\"https:\/\/waldluetle-ev.de\/index.php\/unser-haes\/\"]}]},{\"@type\":\"BreadcrumbList\",\"@id\":\"https:\/\/waldluetle-ev.de\/index.php\/unser-haes\/#breadcrumb\",\"itemListElement\":[{\"@type\":\"ListItem\",\"position\":1,\"name\":\"Startseite\",\"item\":\"https:\/\/waldluetle-ev.de\/\"},{\"@type\":\"ListItem\",\"position\":2,\"name\":\"Unser H\u00e4s\"}]},{\"@type\":\"WebSite\",\"@id\":\"https:\/\/waldluetle-ev.de\/#website\",\"url\":\"https:\/\/waldluetle-ev.de\/\",\"name\":\"Waldluetle.de\",\"description\":\"\",\"potentialAction\":[{\"@type\":\"SearchAction\",\"target\":{\"@type\":\"EntryPoint\",\"urlTemplate\":\"https:\/\/waldluetle-ev.de\/?s={search_term_string}\"},\"query-input\":{\"@type\":\"PropertyValueSpecification\",\"valueRequired\":true,\"valueName\":\"search_term_string\"}}],\"inLanguage\":\"de\"}]}<\/script>\n<!-- \/ Yoast SEO plugin. -->","yoast_head_json":{"title":"Unser H\u00e4s - Waldluetle.de","robots":{"index":"index","follow":"follow","max-snippet":"max-snippet:-1","max-image-preview":"max-image-preview:large","max-video-preview":"max-video-preview:-1"},"canonical":"https:\/\/waldluetle-ev.de\/index.php\/unser-haes\/","og_locale":"de_DE","og_type":"article","og_title":"Unser H\u00e4s - Waldluetle.de","og_description":"Unser H\u00e4sDas \u201eChr\u00fctterwiebli\u201c ist eine fr\u00f6hliche Gestalt mit gesunden roten Backen.Der \u201eWurzelsepp\u201c dagegen macht dem Aussehen einer knorrigen Baumwurzel alle Ehre. Das H\u00e4s des \u201eChr\u00fctterwieblis\u201c erweckt mit seiner gelben Bluse zum braunen Rock, aufgelockert mit gr\u00fcner Sch\u00fcrze und Tuch mit aufgen\u00e4hten Blattmotiven, einen farbenfrohen Eindruck.Auch das aus brauner Farbe bestehende M\u00e4nnerh\u00e4s besticht durch seine aufgen\u00e4hten [&hellip;]","og_url":"https:\/\/waldluetle-ev.de\/index.php\/unser-haes\/","og_site_name":"Waldluetle.de","article_modified_time":"2025-09-04T12:21:47+00:00","twitter_card":"summary_large_image","schema":{"@context":"https:\/\/schema.org","@graph":[{"@type":"WebPage","@id":"https:\/\/waldluetle-ev.de\/index.php\/unser-haes\/","url":"https:\/\/waldluetle-ev.de\/index.php\/unser-haes\/","name":"Unser H\u00e4s - Waldluetle.de","isPartOf":{"@id":"https:\/\/waldluetle-ev.de\/#website"},"datePublished":"2025-08-20T09:02:29+00:00","dateModified":"2025-09-04T12:21:47+00:00","breadcrumb":{"@id":"https:\/\/waldluetle-ev.de\/index.php\/unser-haes\/#breadcrumb"},"inLanguage":"de","potentialAction":[{"@type":"ReadAction","target":["https:\/\/waldluetle-ev.de\/index.php\/unser-haes\/"]}]},{"@type":"BreadcrumbList","@id":"https:\/\/waldluetle-ev.de\/index.php\/unser-haes\/#breadcrumb","itemListElement":[{"@type":"ListItem","position":1,"name":"Startseite","item":"https:\/\/waldluetle-ev.de\/"},{"@type":"ListItem","position":2,"name":"Unser H\u00e4s"}]},{"@type":"WebSite","@id":"https:\/\/waldluetle-ev.de\/#website","url":"https:\/\/waldluetle-ev.de\/","name":"Waldluetle.de","description":"","potentialAction":[{"@type":"SearchAction","target":{"@type":"EntryPoint","urlTemplate":"https:\/\/waldluetle-ev.de\/?s={search_term_string}"},"query-input":{"@type":"PropertyValueSpecification","valueRequired":true,"valueName":"search_term_string"}}],"inLanguage":"de"}]}},"_links":{"self":[{"href":"https:\/\/waldluetle-ev.de\/index.php\/wp-json\/wp\/v2\/pages\/1316","targetHints":{"allow":["GET"]}}],"collection":[{"href":"https:\/\/waldluetle-ev.de\/index.php\/wp-json\/wp\/v2\/pages"}],"about":[{"href":"https:\/\/waldluetle-ev.de\/index.php\/wp-json\/wp\/v2\/types\/page"}],"author":[{"embeddable":true,"href":"https:\/\/waldluetle-ev.de\/index.php\/wp-json\/wp\/v2\/users\/1"}],"replies":[{"embeddable":true,"href":"https:\/\/waldluetle-ev.de\/index.php\/wp-json\/wp\/v2\/comments?post=1316"}],"version-history":[{"count":14,"href":"https:\/\/waldluetle-ev.de\/index.php\/wp-json\/wp\/v2\/pages\/1316\/revisions"}],"predecessor-version":[{"id":1661,"href":"https:\/\/waldluetle-ev.de\/index.php\/wp-json\/wp\/v2\/pages\/1316\/revisions\/1661"}],"wp:attachment":[{"href":"https:\/\/waldluetle-ev.de\/index.php\/wp-json\/wp\/v2\/media?parent=1316"}],"curies":[{"name":"wp","href":"https:\/\/api.w.org\/{rel}","templated":true}]}}